{"id":1157,"date":"2021-07-21T13:38:44","date_gmt":"2021-07-21T11:38:44","guid":{"rendered":"http:\/\/detektywielblag.pl\/?page_id=1157"},"modified":"2021-07-21T17:47:53","modified_gmt":"2021-07-21T15:47:53","slug":"poszukiwanie-osob-zaginionych","status":"publish","type":"page","link":"https:\/\/detektywielblag.pl\/index.php\/poszukiwanie-osob-zaginionych\/","title":{"rendered":"Poszukiwanie os\u00f3b zaginionych."},"content":{"rendered":"\t\t<div data-elementor-type=\"wp-page\" data-elementor-id=\"1157\" class=\"elementor elementor-1157\" data-elementor-post-type=\"page\">\n\t\t\t\t\t\t<section class=\"has_eae_slider elementor-section elementor-top-section elementor-element elementor-element-74f65bd elementor-section-boxed elementor-section-height-default elementor-section-height-default wpr-particle-no wpr-jarallax-no wpr-parallax-no wpr-sticky-section-no\" data-eae-slider=\"4711\" data-id=\"74f65bd\" data-element_type=\"section\">\n\t\t\t\t\t\t<div class=\"elementor-container elementor-column-gap-default\">\n\t\t\t\t\t<div class=\"has_eae_slider elementor-column elementor-col-100 elementor-top-column elementor-element elementor-element-806a0a3\" data-eae-slider=\"23457\" data-id=\"806a0a3\" data-element_type=\"column\">\n\t\t\t<div class=\"elementor-widget-wrap elementor-element-populated\">\n\t\t\t\t\t\t<div class=\"elementor-element elementor-element-ff17a01 elementor-widget elementor-widget-premium-image-scroll\" data-id=\"ff17a01\" data-element_type=\"widget\" data-widget_type=\"premium-image-scroll.default\">\n\t\t\t\t<div class=\"elementor-widget-container\">\n\t\t\t\t\t\t\t\t<div class=\"premium-image-scroll-section\" >\n\t\t\t\t<div class=\"premium-image-scroll-container\" data-settings=\"{&quot;trigger&quot;:&quot;hover&quot;,&quot;direction&quot;:&quot;vertical&quot;,&quot;reverse&quot;:&quot;&quot;}\">\n\t\t\t\t\t\t\t\t\t\t<div class=\"premium-image-scroll-vertical\">\n\t\t\t\t\t\t<img fetchpriority=\"high\" decoding=\"async\" width=\"1000\" height=\"667\" src=\"https:\/\/detektywielblag.pl\/wp-content\/uploads\/2021\/07\/slidery-2.jpg\" class=\"attachment-full size-full wp-image-875\" alt=\"\" srcset=\"https:\/\/detektywielblag.pl\/wp-content\/uploads\/2021\/07\/slidery-2.jpg 1000w, https:\/\/detektywielblag.pl\/wp-content\/uploads\/2021\/07\/slidery-2-300x200.jpg 300w, https:\/\/detektywielblag.pl\/wp-content\/uploads\/2021\/07\/slidery-2-768x512.jpg 768w\" sizes=\"(max-width: 1000px) 100vw, 1000px\" \/>\t\t\t\t\t<\/div>\n\t\t\t\t<\/div>\n\t\t\t<\/div>\n\t\t\t\t\t\t<\/div>\n\t\t\t\t<\/div>\n\t\t\t\t\t<\/div>\n\t\t<\/div>\n\t\t\t\t\t<\/div>\n\t\t<\/section>\n\t\t\t\t<section class=\"has_eae_slider elementor-section elementor-top-section elementor-element elementor-element-ff5c0d4 elementor-section-boxed elementor-section-height-default elementor-section-height-default wpr-particle-no wpr-jarallax-no wpr-parallax-no wpr-sticky-section-no\" data-eae-slider=\"77991\" data-id=\"ff5c0d4\" data-element_type=\"section\">\n\t\t\t\t\t\t<div class=\"elementor-container elementor-column-gap-default\">\n\t\t\t\t\t<div class=\"has_eae_slider elementor-column elementor-col-100 elementor-top-column elementor-element elementor-element-2eefb0f\" data-eae-slider=\"33687\" data-id=\"2eefb0f\" data-element_type=\"column\">\n\t\t\t<div class=\"elementor-widget-wrap elementor-element-populated\">\n\t\t\t\t\t\t<div class=\"elementor-element elementor-element-b7a978c elementor-widget elementor-widget-text-editor\" data-id=\"b7a978c\" data-element_type=\"widget\" data-widget_type=\"text-editor.default\">\n\t\t\t\t<div class=\"elementor-widget-container\">\n\t\t\t\t\t\t\t\t\t<p>Nasza agencja detektywistyczna zajmuje si\u0119 poszukiwaniem os\u00f3b zaginionych, uprowadzonych czy te\u017c ukrywaj\u0105cych si\u0119 , kt\u00f3rych miejsce przebywania nie jest znane. Pomagamy w ustaleniu miejsca zamieszkania, zatrudnienia, a tak\u017ce w poszukiwaniu utraconych d\u00f3br materialnych.<\/p><p><strong>Oferujemy poszukiwanie<\/strong><\/p><ul><li>os\u00f3b zaginionych w przypadku uprowadzenia rodzicielskiego lub uprowadzenia dla okupu<\/li><li>os\u00f3b, kt\u00f3re si\u0119 ukrywaj\u0105<\/li><li>krewnych i przyjaci\u00f3\u0142 sprzed lat.<\/li><li>ma\u0142oletnich uciekaj\u0105cych z domu<\/li><li>os\u00f3b z utrat\u0105 pami\u0119ci (choroba Alzheimera, demencja, wypadek) lub depresj\u0105<\/li><li>spadkobierc\u00f3w.<\/li><\/ul><p>Pomagamy w ustaleniu mo\u017cliwych przyczyn znikni\u0119cia danej osoby oraz okoliczno\u015bci, w jakich dosz\u0142o do zagini\u0119cia<\/p>\t\t\t\t\t\t\t\t<\/div>\n\t\t\t\t<\/div>\n\t\t\t\t\t<\/div>\n\t\t<\/div>\n\t\t\t\t\t<\/div>\n\t\t<\/section>\n\t\t\t\t<\/div>\n\t\t","protected":false},"excerpt":{"rendered":"<p>Nasza agencja detektywistyczna zajmuje si\u0119 poszukiwaniem os\u00f3b zaginionych, uprowadzonych czy te\u017c ukrywaj\u0105cych si\u0119 , kt\u00f3rych miejsce przebywania nie jest znane. Pomagamy w ustaleniu miejsca zamieszkania, zatrudnienia, a tak\u017ce w poszukiwaniu utraconych d\u00f3br materialnych. Oferujemy poszukiwanie os\u00f3b zaginionych w przypadku uprowadzenia rodzicielskiego lub uprowadzenia dla okupu os\u00f3b, kt\u00f3re si\u0119 ukrywaj\u0105 krewnych i przyjaci\u00f3\u0142 sprzed lat. ma\u0142oletnich uciekaj\u0105cych z domu os\u00f3b z utrat\u0105 pami\u0119ci (choroba Alzheimera, demencja, wypadek) lub depresj\u0105 spadkobierc\u00f3w. Pomagamy w ustaleniu mo\u017cliwych przyczyn znikni\u0119cia danej osoby oraz okoliczno\u015bci, w jakich dosz\u0142o do zagini\u0119cia<\/p>\n","protected":false},"author":1,"featured_media":0,"parent":0,"menu_order":0,"comment_status":"closed","ping_status":"closed","template":"","meta":{"ocean_post_layout":"full-screen","ocean_both_sidebars_style":"","ocean_both_sidebars_content_width":0,"ocean_both_sidebars_sidebars_width":0,"ocean_sidebar":"0","ocean_second_sidebar":"0","ocean_disable_margins":"enable","ocean_add_body_class":"","ocean_shortcode_before_top_bar":"","ocean_shortcode_after_top_bar":"","ocean_shortcode_before_header":"","ocean_shortcode_after_header":"","ocean_has_shortcode":"","ocean_shortcode_after_title":"","ocean_shortcode_before_footer_widgets":"","ocean_shortcode_after_footer_widgets":"","ocean_shortcode_before_footer_bottom":"","ocean_shortcode_after_footer_bottom":"","ocean_display_top_bar":"default","ocean_display_header":"default","ocean_header_style":"","ocean_center_header_left_menu":"0","ocean_custom_header_template":"0","ocean_custom_logo":0,"ocean_custom_retina_logo":0,"ocean_custom_logo_max_width":0,"ocean_custom_logo_tablet_max_width":0,"ocean_custom_logo_mobile_max_width":0,"ocean_custom_logo_max_height":0,"ocean_custom_logo_tablet_max_height":0,"ocean_custom_logo_mobile_max_height":0,"ocean_header_custom_menu":"0","ocean_menu_typo_font_family":"0","ocean_menu_typo_font_subset":"","ocean_menu_typo_font_size":0,"ocean_menu_typo_font_size_tablet":0,"ocean_menu_typo_font_size_mobile":0,"ocean_menu_typo_font_size_unit":"px","ocean_menu_typo_font_weight":"","ocean_menu_typo_font_weight_tablet":"","ocean_menu_typo_font_weight_mobile":"","ocean_menu_typo_transform":"","ocean_menu_typo_transform_tablet":"","ocean_menu_typo_transform_mobile":"","ocean_menu_typo_line_height":0,"ocean_menu_typo_line_height_tablet":0,"ocean_menu_typo_line_height_mobile":0,"ocean_menu_typo_line_height_unit":"","ocean_menu_typo_spacing":0,"ocean_menu_typo_spacing_tablet":0,"ocean_menu_typo_spacing_mobile":0,"ocean_menu_typo_spacing_unit":"","ocean_menu_link_color":"","ocean_menu_link_color_hover":"","ocean_menu_link_color_active":"","ocean_menu_link_background":"","ocean_menu_link_hover_background":"","ocean_menu_link_active_background":"","ocean_menu_social_links_bg":"","ocean_menu_social_hover_links_bg":"","ocean_menu_social_links_color":"","ocean_menu_social_hover_links_color":"","ocean_disable_title":"default","ocean_disable_heading":"default","ocean_post_title":"","ocean_post_subheading":"","ocean_post_title_style":"","ocean_post_title_background_color":"","ocean_post_title_background":0,"ocean_post_title_bg_image_position":"","ocean_post_title_bg_image_attachment":"","ocean_post_title_bg_image_repeat":"","ocean_post_title_bg_image_size":"","ocean_post_title_height":0,"ocean_post_title_bg_overlay":0.5,"ocean_post_title_bg_overlay_color":"","ocean_disable_breadcrumbs":"default","ocean_breadcrumbs_color":"","ocean_breadcrumbs_separator_color":"","ocean_breadcrumbs_links_color":"","ocean_breadcrumbs_links_hover_color":"","ocean_display_footer_widgets":"default","ocean_display_footer_bottom":"default","ocean_custom_footer_template":"0","footnotes":""},"class_list":["post-1157","page","type-page","status-publish","hentry","entry"],"_links":{"self":[{"href":"https:\/\/detektywielblag.pl\/index.php\/wp-json\/wp\/v2\/pages\/1157","targetHints":{"allow":["GET"]}}],"collection":[{"href":"https:\/\/detektywielblag.pl\/index.php\/wp-json\/wp\/v2\/pages"}],"about":[{"href":"https:\/\/detektywielblag.pl\/index.php\/wp-json\/wp\/v2\/types\/page"}],"author":[{"embeddable":true,"href":"https:\/\/detektywielblag.pl\/index.php\/wp-json\/wp\/v2\/users\/1"}],"replies":[{"embeddable":true,"href":"https:\/\/detektywielblag.pl\/index.php\/wp-json\/wp\/v2\/comments?post=1157"}],"version-history":[{"count":10,"href":"https:\/\/detektywielblag.pl\/index.php\/wp-json\/wp\/v2\/pages\/1157\/revisions"}],"predecessor-version":[{"id":1278,"href":"https:\/\/detektywielblag.pl\/index.php\/wp-json\/wp\/v2\/pages\/1157\/revisions\/1278"}],"wp:attachment":[{"href":"https:\/\/detektywielblag.pl\/index.php\/wp-json\/wp\/v2\/media?parent=1157"}],"curies":[{"name":"wp","href":"https:\/\/api.w.org\/{rel}","templated":true}]}}