{"id":941,"date":"2021-07-16T22:07:35","date_gmt":"2021-07-16T20:07:35","guid":{"rendered":"http:\/\/detektywielblag.pl\/?page_id=941"},"modified":"2025-01-29T22:07:46","modified_gmt":"2025-01-29T21:07:46","slug":"cennik","status":"publish","type":"page","link":"https:\/\/detektywielblag.pl\/index.php\/cennik\/","title":{"rendered":"Cennik"},"content":{"rendered":"\t\t<div data-elementor-type=\"wp-page\" data-elementor-id=\"941\" class=\"elementor elementor-941\" data-elementor-post-type=\"page\">\n\t\t\t\t\t\t<section class=\"has_eae_slider elementor-section elementor-top-section elementor-element elementor-element-a49c64a elementor-section-full_width elementor-section-height-default elementor-section-height-default wpr-particle-no wpr-jarallax-no wpr-parallax-no wpr-sticky-section-no\" data-eae-slider=\"38600\" data-id=\"a49c64a\" data-element_type=\"section\">\n\t\t\t\t\t\t<div class=\"elementor-container elementor-column-gap-default\">\n\t\t\t\t\t<div class=\"has_eae_slider elementor-column elementor-col-100 elementor-top-column elementor-element elementor-element-9a8b7e7\" data-eae-slider=\"66272\" data-id=\"9a8b7e7\" data-element_type=\"column\">\n\t\t\t<div class=\"elementor-widget-wrap elementor-element-populated\">\n\t\t\t\t\t\t<div class=\"elementor-element elementor-element-d536c3e elementor-widget elementor-widget-image\" data-id=\"d536c3e\" data-element_type=\"widget\" data-widget_type=\"image.default\">\n\t\t\t\t<div class=\"elementor-widget-container\">\n\t\t\t\t\t\t\t\t\t\t\t\t\t\t\t<img fetchpriority=\"high\" decoding=\"async\" width=\"2560\" height=\"1439\" src=\"https:\/\/detektywielblag.pl\/wp-content\/uploads\/2023\/11\/Zdrady-13-scaled.jpg\" class=\"attachment-full size-full wp-image-1430\" alt=\"\" srcset=\"https:\/\/detektywielblag.pl\/wp-content\/uploads\/2023\/11\/Zdrady-13-scaled.jpg 2560w, https:\/\/detektywielblag.pl\/wp-content\/uploads\/2023\/11\/Zdrady-13-300x169.jpg 300w, https:\/\/detektywielblag.pl\/wp-content\/uploads\/2023\/11\/Zdrady-13-1024x576.jpg 1024w, https:\/\/detektywielblag.pl\/wp-content\/uploads\/2023\/11\/Zdrady-13-768x432.jpg 768w, https:\/\/detektywielblag.pl\/wp-content\/uploads\/2023\/11\/Zdrady-13-1536x864.jpg 1536w, https:\/\/detektywielblag.pl\/wp-content\/uploads\/2023\/11\/Zdrady-13-2048x1152.jpg 2048w, https:\/\/detektywielblag.pl\/wp-content\/uploads\/2023\/11\/Zdrady-13-800x450.jpg 800w\" sizes=\"(max-width: 2560px) 100vw, 2560px\" \/>\t\t\t\t\t\t\t\t\t\t\t\t\t\t\t<\/div>\n\t\t\t\t<\/div>\n\t\t\t\t\t<\/div>\n\t\t<\/div>\n\t\t\t\t\t<\/div>\n\t\t<\/section>\n\t\t\t\t<section class=\"has_eae_slider elementor-section elementor-top-section elementor-element elementor-element-2fe4aa4 elementor-section-full_width elementor-section-height-default elementor-section-height-default wpr-particle-no wpr-jarallax-no wpr-parallax-no wpr-sticky-section-no\" data-eae-slider=\"64036\" data-id=\"2fe4aa4\" data-element_type=\"section\">\n\t\t\t\t\t\t<div class=\"elementor-container elementor-column-gap-default\">\n\t\t\t\t\t<div class=\"has_eae_slider elementor-column elementor-col-100 elementor-top-column elementor-element elementor-element-b0d7e05\" data-eae-slider=\"55559\" data-id=\"b0d7e05\" data-element_type=\"column\">\n\t\t\t<div class=\"elementor-widget-wrap elementor-element-populated\">\n\t\t\t\t\t\t<div class=\"elementor-element elementor-element-c74460b eae-icon-view-default elementor-widget elementor-widget-wts-textseparator\" data-id=\"c74460b\" data-element_type=\"widget\" data-widget_type=\"wts-textseparator.default\">\n\t\t\t\t<div class=\"elementor-widget-container\">\n\t\t\t\t\t\t\t<div class=\"wts-eae-textseparator sep-align-left icon-yes icon-before title-yes\" >\n\t\t\t<div class=\"eae-sep-holder sep-left\">\n\t\t\t\t<div class=\"eae-sep-lines\"><\/div>\n\t\t\t<\/div>\n\n\t\t\t\t\t\t\t<div class=\"eae-separator-icon-wrapper\">\n\t\t\t\t\t<div class=\"eae-separator-icon-inner\">\n\t\t\t\t\t\t<i aria-hidden=\"true\" class=\"fas fa-coins\"><\/i>\t\t\t\t\t<\/div>\n\t\t\t\t<\/div>\n\t\t\t\n\t\t\t<h1 class=\"eae-separator-title\">CENNIK<\/h1>\n\t\t\t\n\t\t\t<div class=\"eae-sep-holder sep-right\">\n\t\t\t\t<div class=\"eae-sep-lines\"><\/div>\n\t\t\t<\/div>\n\t\t<\/div>\n\t\t\t\t\t\t<\/div>\n\t\t\t\t<\/div>\n\t\t\t\t\t<\/div>\n\t\t<\/div>\n\t\t\t\t\t<\/div>\n\t\t<\/section>\n\t\t\t\t<section class=\"has_eae_slider elementor-section elementor-top-section elementor-element elementor-element-df234ec elementor-section-boxed elementor-section-height-default elementor-section-height-default wpr-particle-no wpr-jarallax-no wpr-parallax-no wpr-sticky-section-no\" data-eae-slider=\"73096\" data-id=\"df234ec\" data-element_type=\"section\">\n\t\t\t\t\t\t<div class=\"elementor-container elementor-column-gap-default\">\n\t\t\t\t\t<div class=\"has_eae_slider elementor-column elementor-col-100 elementor-top-column elementor-element elementor-element-24add03\" data-eae-slider=\"12878\" data-id=\"24add03\" data-element_type=\"column\">\n\t\t\t<div class=\"elementor-widget-wrap elementor-element-populated\">\n\t\t\t\t\t\t<div class=\"elementor-element elementor-element-3e78e27 elementor-widget elementor-widget-text-editor\" data-id=\"3e78e27\" data-element_type=\"widget\" data-widget_type=\"text-editor.default\">\n\t\t\t\t<div class=\"elementor-widget-container\">\n\t\t\t\t\t\t\t\t\t<p><strong>Profesjonalne us\u0142ugi detektywistyczne \u2013 zaufaj do\u015bwiadczeniu<\/strong><\/p><p>Ka\u017cda sprawa, kt\u00f3r\u0105 si\u0119 zajmujemy, jest inna i wymaga indywidualnego podej\u015bcia. Rozumiemy, \u017ce zlecenia dla prywatnych detektyw\u00f3w dotycz\u0105 cz\u0119sto delikatnych i kluczowych aspekt\u00f3w \u017cycia naszych klient\u00f3w. Dlatego dok\u0142adamy wszelkich stara\u0144, by po\u015bwi\u0119ci\u0107 czas na wys\u0142uchanie, zrozumienie i zaproponowanie najlepszego rozwi\u0105zania.<\/p><p>Wycena naszych us\u0142ug zawsze odbywa si\u0119 podczas rozmowy z klientem, poniewa\u017c wp\u0142ywa na ni\u0105 wiele czynnik\u00f3w, takich jak charakter sprawy, czas oraz miejsce realizacji dzia\u0142a\u0144. Szczeg\u00f3\u0142owy wywiad pozwala nie tylko okre\u015bli\u0107 przewidywan\u0105 skuteczno\u015b\u0107 podj\u0119tych dzia\u0142a\u0144, ale tak\u017ce wst\u0119pnie oszacowa\u0107 koszty.<\/p><p>Po zako\u0144czeniu zlecenia otrzymasz szczeg\u00f3\u0142owe, pisemne \u201esprawozdanie z wykonanych us\u0142ug detektywistycznych\u201d. Dokument ten mo\u017ce zosta\u0107 wykorzystany jako wniosek dowodowy w post\u0119powaniu s\u0105dowym lub innym \u2013 dajemy Ci gwarancj\u0119 rzetelno\u015bci i profesjonalizmu.<\/p><p>Wybieraj\u0105c nasz\u0105 firm\u0119, powierzasz swoj\u0105 spraw\u0119 osobie z <strong>ponad 21-letnim do\u015bwiadczeniem w bran\u017cy detektywistycznej<\/strong>. Niezale\u017cnie od skali Twojego problemu, jeste\u015bmy gotowi pom\u00f3c.<\/p><p>Zach\u0119camy do kontaktu telefonicznego lub mailowego. Ch\u0119tnie odpowiemy na Twoje pytania, om\u00f3wimy Twoj\u0105 sytuacj\u0119 i wsp\u00f3lnie znajdziemy najlepsze rozwi\u0105zanie. Zadzwo\u0144 i um\u00f3w si\u0119 na konsultacj\u0119 \u2013 jeste\u015bmy tu po to, aby Ci pom\u00f3c.<\/p>\t\t\t\t\t\t\t\t<\/div>\n\t\t\t\t<\/div>\n\t\t\t\t\t<\/div>\n\t\t<\/div>\n\t\t\t\t\t<\/div>\n\t\t<\/section>\n\t\t\t\t<section class=\"has_eae_slider elementor-section elementor-top-section elementor-element elementor-element-e1441ad elementor-section-full_width elementor-section-height-default elementor-section-height-default wpr-particle-no wpr-jarallax-no wpr-parallax-no wpr-sticky-section-no\" data-eae-slider=\"47188\" data-id=\"e1441ad\" data-element_type=\"section\">\n\t\t\t\t\t\t<div class=\"elementor-container elementor-column-gap-default\">\n\t\t\t\t\t<div class=\"has_eae_slider elementor-column elementor-col-33 elementor-top-column elementor-element elementor-element-3345cb5\" data-eae-slider=\"78874\" data-id=\"3345cb5\" data-element_type=\"column\">\n\t\t\t<div class=\"elementor-widget-wrap elementor-element-populated\">\n\t\t\t\t\t\t<div class=\"elementor-element elementor-element-2acbb3f elementor-view-stacked elementor-shape-rounded elementor-position-left elementor-mobile-position-top elementor-widget elementor-widget-icon-box\" data-id=\"2acbb3f\" data-element_type=\"widget\" data-widget_type=\"icon-box.default\">\n\t\t\t\t<div class=\"elementor-widget-container\">\n\t\t\t\t\t\t\t<div class=\"elementor-icon-box-wrapper\">\n\n\t\t\t\t\t\t<div class=\"elementor-icon-box-icon\">\n\t\t\t\t<span  class=\"elementor-icon\">\n\t\t\t\t<i aria-hidden=\"true\" class=\"fas fa-phone-alt\"><\/i>\t\t\t\t<\/span>\n\t\t\t<\/div>\n\t\t\t\n\t\t\t\t\t\t<div class=\"elementor-icon-box-content\">\n\n\t\t\t\t\t\t\t\t\t<h3 class=\"elementor-icon-box-title\">\n\t\t\t\t\t\t<span  >\n\t\t\t\t\t\t\tkontakt telefoniczny\t\t\t\t\t\t<\/span>\n\t\t\t\t\t<\/h3>\n\t\t\t\t\n\t\t\t\t\t\t\t\t\t<p class=\"elementor-icon-box-description\">\n\t\t\t\t\t\t668-290-643\t\t\t\t\t<\/p>\n\t\t\t\t\n\t\t\t<\/div>\n\t\t\t\n\t\t<\/div>\n\t\t\t\t\t\t<\/div>\n\t\t\t\t<\/div>\n\t\t\t\t\t<\/div>\n\t\t<\/div>\n\t\t\t\t<div class=\"has_eae_slider elementor-column elementor-col-33 elementor-top-column elementor-element elementor-element-6a4acce\" data-eae-slider=\"37576\" data-id=\"6a4acce\" data-element_type=\"column\">\n\t\t\t<div class=\"elementor-widget-wrap elementor-element-populated\">\n\t\t\t\t\t\t<div class=\"elementor-element elementor-element-5383a62 elementor-view-stacked elementor-shape-rounded elementor-position-left elementor-mobile-position-top elementor-widget elementor-widget-icon-box\" data-id=\"5383a62\" data-element_type=\"widget\" data-widget_type=\"icon-box.default\">\n\t\t\t\t<div class=\"elementor-widget-container\">\n\t\t\t\t\t\t\t<div class=\"elementor-icon-box-wrapper\">\n\n\t\t\t\t\t\t<div class=\"elementor-icon-box-icon\">\n\t\t\t\t<span  class=\"elementor-icon\">\n\t\t\t\t<i aria-hidden=\"true\" class=\"icofont icofont-email\"><\/i>\t\t\t\t<\/span>\n\t\t\t<\/div>\n\t\t\t\n\t\t\t\t\t\t<div class=\"elementor-icon-box-content\">\n\n\t\t\t\t\t\t\t\t\t<h3 class=\"elementor-icon-box-title\">\n\t\t\t\t\t\t<span  >\n\t\t\t\t\t\t\tadres e-mail\t\t\t\t\t\t<\/span>\n\t\t\t\t\t<\/h3>\n\t\t\t\t\n\t\t\t\t\t\t\t\t\t<p class=\"elementor-icon-box-description\">\n\t\t\t\t\t\tdetektywdagowski@wp.pl\t\t\t\t\t<\/p>\n\t\t\t\t\n\t\t\t<\/div>\n\t\t\t\n\t\t<\/div>\n\t\t\t\t\t\t<\/div>\n\t\t\t\t<\/div>\n\t\t\t\t\t<\/div>\n\t\t<\/div>\n\t\t\t\t<div class=\"has_eae_slider elementor-column elementor-col-33 elementor-top-column elementor-element elementor-element-8c0c0f6\" data-eae-slider=\"49281\" data-id=\"8c0c0f6\" data-element_type=\"column\">\n\t\t\t<div class=\"elementor-widget-wrap elementor-element-populated\">\n\t\t\t\t\t\t<div class=\"elementor-element elementor-element-48562d2 elementor-view-stacked elementor-shape-rounded elementor-position-left elementor-mobile-position-top elementor-widget elementor-widget-icon-box\" data-id=\"48562d2\" data-element_type=\"widget\" data-widget_type=\"icon-box.default\">\n\t\t\t\t<div class=\"elementor-widget-container\">\n\t\t\t\t\t\t\t<div class=\"elementor-icon-box-wrapper\">\n\n\t\t\t\t\t\t<div class=\"elementor-icon-box-icon\">\n\t\t\t\t<span  class=\"elementor-icon\">\n\t\t\t\t<i aria-hidden=\"true\" class=\"lni lni-website\"><\/i>\t\t\t\t<\/span>\n\t\t\t<\/div>\n\t\t\t\n\t\t\t\t\t\t<div class=\"elementor-icon-box-content\">\n\n\t\t\t\t\t\t\t\t\t<h3 class=\"elementor-icon-box-title\">\n\t\t\t\t\t\t<span  >\n\t\t\t\t\t\t\tstrona www\t\t\t\t\t\t<\/span>\n\t\t\t\t\t<\/h3>\n\t\t\t\t\n\t\t\t\t\t\t\t\t\t<p class=\"elementor-icon-box-description\">\n\t\t\t\t\t\twww.detektywielblag.pl\t\t\t\t\t<\/p>\n\t\t\t\t\n\t\t\t<\/div>\n\t\t\t\n\t\t<\/div>\n\t\t\t\t\t\t<\/div>\n\t\t\t\t<\/div>\n\t\t\t\t\t<\/div>\n\t\t<\/div>\n\t\t\t\t\t<\/div>\n\t\t<\/section>\n\t\t\t\t<\/div>\n\t\t","protected":false},"excerpt":{"rendered":"<p>CENNIK Profesjonalne us\u0142ugi detektywistyczne \u2013 zaufaj do\u015bwiadczeniu Ka\u017cda sprawa, kt\u00f3r\u0105 si\u0119 zajmujemy, jest inna i wymaga indywidualnego podej\u015bcia. Rozumiemy, \u017ce zlecenia dla prywatnych detektyw\u00f3w dotycz\u0105 cz\u0119sto delikatnych i kluczowych aspekt\u00f3w \u017cycia naszych klient\u00f3w. Dlatego dok\u0142adamy wszelkich stara\u0144, by po\u015bwi\u0119ci\u0107 czas na wys\u0142uchanie, zrozumienie i zaproponowanie najlepszego rozwi\u0105zania. Wycena naszych us\u0142ug zawsze odbywa si\u0119 podczas rozmowy z klientem, poniewa\u017c wp\u0142ywa na ni\u0105 wiele czynnik\u00f3w, takich jak charakter sprawy, czas oraz miejsce realizacji dzia\u0142a\u0144. Szczeg\u00f3\u0142owy wywiad pozwala nie tylko okre\u015bli\u0107 przewidywan\u0105 skuteczno\u015b\u0107 podj\u0119tych dzia\u0142a\u0144, ale tak\u017ce wst\u0119pnie oszacowa\u0107 koszty. Po zako\u0144czeniu zlecenia otrzymasz szczeg\u00f3\u0142owe, pisemne \u201esprawozdanie z wykonanych us\u0142ug detektywistycznych\u201d. Dokument ten mo\u017ce zosta\u0107 wykorzystany jako wniosek dowodowy w post\u0119powaniu s\u0105dowym lub innym \u2013 dajemy Ci gwarancj\u0119 rzetelno\u015bci i profesjonalizmu. Wybieraj\u0105c nasz\u0105 firm\u0119, powierzasz swoj\u0105 spraw\u0119 osobie z ponad 21-letnim do\u015bwiadczeniem w bran\u017cy detektywistycznej. Niezale\u017cnie od skali Twojego problemu, jeste\u015bmy gotowi pom\u00f3c. Zach\u0119camy do kontaktu telefonicznego lub mailowego. Ch\u0119tnie odpowiemy na Twoje pytania, om\u00f3wimy Twoj\u0105 sytuacj\u0119 i wsp\u00f3lnie znajdziemy najlepsze rozwi\u0105zanie. Zadzwo\u0144 i um\u00f3w si\u0119 na konsultacj\u0119 \u2013 jeste\u015bmy tu po to, aby Ci pom\u00f3c. kontakt telefoniczny 668-290-643 adres e-mail detektywdagowski@wp.pl strona www www.detektywielblag.pl<\/p>\n","protected":false},"author":1,"featured_media":0,"parent":0,"menu_order":0,"comment_status":"closed","ping_status":"closed","template":"","meta":{"ocean_post_layout":"full-screen","ocean_both_sidebars_style":"","ocean_both_sidebars_content_width":0,"ocean_both_sidebars_sidebars_width":0,"ocean_sidebar":"0","ocean_second_sidebar":"0","ocean_disable_margins":"enable","ocean_add_body_class":"","ocean_shortcode_before_top_bar":"","ocean_shortcode_after_top_bar":"","ocean_shortcode_before_header":"","ocean_shortcode_after_header":"","ocean_has_shortcode":"","ocean_shortcode_after_title":"","ocean_shortcode_before_footer_widgets":"","ocean_shortcode_after_footer_widgets":"","ocean_shortcode_before_footer_bottom":"","ocean_shortcode_after_footer_bottom":"","ocean_display_top_bar":"default","ocean_display_header":"default","ocean_header_style":"","ocean_center_header_left_menu":"0","ocean_custom_header_template":"0","ocean_custom_logo":0,"ocean_custom_retina_logo":0,"ocean_custom_logo_max_width":0,"ocean_custom_logo_tablet_max_width":0,"ocean_custom_logo_mobile_max_width":0,"ocean_custom_logo_max_height":0,"ocean_custom_logo_tablet_max_height":0,"ocean_custom_logo_mobile_max_height":0,"ocean_header_custom_menu":"0","ocean_menu_typo_font_family":"0","ocean_menu_typo_font_subset":"","ocean_menu_typo_font_size":0,"ocean_menu_typo_font_size_tablet":0,"ocean_menu_typo_font_size_mobile":0,"ocean_menu_typo_font_size_unit":"px","ocean_menu_typo_font_weight":"","ocean_menu_typo_font_weight_tablet":"","ocean_menu_typo_font_weight_mobile":"","ocean_menu_typo_transform":"","ocean_menu_typo_transform_tablet":"","ocean_menu_typo_transform_mobile":"","ocean_menu_typo_line_height":0,"ocean_menu_typo_line_height_tablet":0,"ocean_menu_typo_line_height_mobile":0,"ocean_menu_typo_line_height_unit":"","ocean_menu_typo_spacing":0,"ocean_menu_typo_spacing_tablet":0,"ocean_menu_typo_spacing_mobile":0,"ocean_menu_typo_spacing_unit":"","ocean_menu_link_color":"","ocean_menu_link_color_hover":"","ocean_menu_link_color_active":"","ocean_menu_link_background":"","ocean_menu_link_hover_background":"","ocean_menu_link_active_background":"","ocean_menu_social_links_bg":"","ocean_menu_social_hover_links_bg":"","ocean_menu_social_links_color":"","ocean_menu_social_hover_links_color":"","ocean_disable_title":"default","ocean_disable_heading":"default","ocean_post_title":"","ocean_post_subheading":"","ocean_post_title_style":"","ocean_post_title_background_color":"","ocean_post_title_background":0,"ocean_post_title_bg_image_position":"","ocean_post_title_bg_image_attachment":"","ocean_post_title_bg_image_repeat":"","ocean_post_title_bg_image_size":"","ocean_post_title_height":0,"ocean_post_title_bg_overlay":0.5,"ocean_post_title_bg_overlay_color":"","ocean_disable_breadcrumbs":"default","ocean_breadcrumbs_color":"","ocean_breadcrumbs_separator_color":"","ocean_breadcrumbs_links_color":"","ocean_breadcrumbs_links_hover_color":"","ocean_display_footer_widgets":"default","ocean_display_footer_bottom":"default","ocean_custom_footer_template":"0","footnotes":""},"class_list":["post-941","page","type-page","status-publish","hentry","entry"],"_links":{"self":[{"href":"https:\/\/detektywielblag.pl\/index.php\/wp-json\/wp\/v2\/pages\/941","targetHints":{"allow":["GET"]}}],"collection":[{"href":"https:\/\/detektywielblag.pl\/index.php\/wp-json\/wp\/v2\/pages"}],"about":[{"href":"https:\/\/detektywielblag.pl\/index.php\/wp-json\/wp\/v2\/types\/page"}],"author":[{"embeddable":true,"href":"https:\/\/detektywielblag.pl\/index.php\/wp-json\/wp\/v2\/users\/1"}],"replies":[{"embeddable":true,"href":"https:\/\/detektywielblag.pl\/index.php\/wp-json\/wp\/v2\/comments?post=941"}],"version-history":[{"count":77,"href":"https:\/\/detektywielblag.pl\/index.php\/wp-json\/wp\/v2\/pages\/941\/revisions"}],"predecessor-version":[{"id":3138,"href":"https:\/\/detektywielblag.pl\/index.php\/wp-json\/wp\/v2\/pages\/941\/revisions\/3138"}],"wp:attachment":[{"href":"https:\/\/detektywielblag.pl\/index.php\/wp-json\/wp\/v2\/media?parent=941"}],"curies":[{"name":"wp","href":"https:\/\/api.w.org\/{rel}","templated":true}]}}